{"id":774,"date":"2022-01-27T08:52:12","date_gmt":"2022-01-27T07:52:12","guid":{"rendered":"https:\/\/baitsinfinity.com\/?post_type=product&#038;p=774"},"modified":"2023-08-26T12:08:25","modified_gmt":"2023-08-26T10:08:25","slug":"egg-albumine","status":"publish","type":"product","link":"https:\/\/baitsinfinity.com\/en\/product\/egg-albumine\/","title":{"rendered":"EGG ALBUMINE"},"content":{"rendered":"","protected":false},"excerpt":{"rendered":"<p>Egg Albumine pove\u0107ava tvrdo\u0107u vanjskog omota\u010da i ostavlja mekano sredi\u0161te zahvaljuju\u0107i kra\u0107em vremenu kuhanja. S visokim udjelom proteina od 86% i visokom probavljivo\u0161\u0107u, ovaj albumen iz jaja je vrlo visoke kvalitete. Preporu\u010deno doziranje je 2% na kilogram miksa.<\/p>\n","protected":false},"featured_media":4820,"template":"","meta":[],"product_brand":[],"product_cat":[91,113],"product_tag":[],"class_list":{"0":"post-774","1":"product","2":"type-product","3":"status-publish","4":"has-post-thumbnail","6":"product_cat-flour-and-ingredients-for-boilies-making","7":"product_cat-extract-and-additivies","9":"first","10":"instock","11":"taxable","12":"shipping-taxable","13":"purchasable","14":"product-type-variable"},"ct_brands":[],"_links":{"self":[{"href":"https:\/\/baitsinfinity.com\/en\/wp-json\/wp\/v2\/product\/774","targetHints":{"allow":["GET"]}}],"collection":[{"href":"https:\/\/baitsinfinity.com\/en\/wp-json\/wp\/v2\/product"}],"about":[{"href":"https:\/\/baitsinfinity.com\/en\/wp-json\/wp\/v2\/types\/product"}],"wp:featuredmedia":[{"embeddable":true,"href":"https:\/\/baitsinfinity.com\/en\/wp-json\/wp\/v2\/media\/4820"}],"wp:attachment":[{"href":"https:\/\/baitsinfinity.com\/en\/wp-json\/wp\/v2\/media?parent=774"}],"wp:term":[{"taxonomy":"product_brand","embeddable":true,"href":"https:\/\/baitsinfinity.com\/en\/wp-json\/wp\/v2\/product_brand?post=774"},{"taxonomy":"product_cat","embeddable":true,"href":"https:\/\/baitsinfinity.com\/en\/wp-json\/wp\/v2\/product_cat?post=774"},{"taxonomy":"product_tag","embeddable":true,"href":"https:\/\/baitsinfinity.com\/en\/wp-json\/wp\/v2\/product_tag?post=774"}],"curies":[{"name":"wp","href":"https:\/\/api.w.org\/{rel}","templated":true}]}}