{"id":2409,"date":"2022-06-06T07:45:30","date_gmt":"2022-06-06T05:45:30","guid":{"rendered":"https:\/\/baitsinfinity.com\/product\/nosac-za-pneumatski-ekstruder\/"},"modified":"2025-09-14T09:31:38","modified_gmt":"2025-09-14T07:31:38","slug":"nosac-za-pneumatski-ekstruder","status":"publish","type":"product","link":"https:\/\/baitsinfinity.com\/en\/product\/nosac-za-pneumatski-ekstruder\/","title":{"rendered":"Nosa\u010d za pneumatski ekstruder"},"content":{"rendered":"","protected":false},"excerpt":{"rendered":"<p>Prakti\u010dna podr\u0161ka za sve Rollycarp ekstrudere i druge ekstrudere drugih marki na tr\u017ei\u0161tu<\/p>\n<p>&#8211; materijal od nehr\u0111aju\u0107eg \u010delika,<br \/>\n&#8211; Proizvod se mora sastaviti prije prve upotrebe. Detaljan priru\u010dnik pru\u017eit \u0107e vam sve jednostavne radnje sastavljanja,<br \/>\n&#8211; Opremljen sa 4 stope za pode\u0161avanje visine.<\/p>\n","protected":false},"featured_media":2400,"template":"","meta":[],"product_brand":[],"product_cat":[220],"product_tag":[],"class_list":{"0":"post-2409","1":"product","2":"type-product","3":"status-publish","4":"has-post-thumbnail","6":"product_cat-rollycarp-en","8":"first","9":"onbackorder","10":"taxable","11":"shipping-taxable","12":"purchasable","13":"product-type-simple"},"ct_brands":[],"_links":{"self":[{"href":"https:\/\/baitsinfinity.com\/en\/wp-json\/wp\/v2\/product\/2409","targetHints":{"allow":["GET"]}}],"collection":[{"href":"https:\/\/baitsinfinity.com\/en\/wp-json\/wp\/v2\/product"}],"about":[{"href":"https:\/\/baitsinfinity.com\/en\/wp-json\/wp\/v2\/types\/product"}],"wp:featuredmedia":[{"embeddable":true,"href":"https:\/\/baitsinfinity.com\/en\/wp-json\/wp\/v2\/media\/2400"}],"wp:attachment":[{"href":"https:\/\/baitsinfinity.com\/en\/wp-json\/wp\/v2\/media?parent=2409"}],"wp:term":[{"taxonomy":"product_brand","embeddable":true,"href":"https:\/\/baitsinfinity.com\/en\/wp-json\/wp\/v2\/product_brand?post=2409"},{"taxonomy":"product_cat","embeddable":true,"href":"https:\/\/baitsinfinity.com\/en\/wp-json\/wp\/v2\/product_cat?post=2409"},{"taxonomy":"product_tag","embeddable":true,"href":"https:\/\/baitsinfinity.com\/en\/wp-json\/wp\/v2\/product_tag?post=2409"}],"curies":[{"name":"wp","href":"https:\/\/api.w.org\/{rel}","templated":true}]}}