{"id":12243,"date":"2026-02-17T08:50:29","date_gmt":"2026-02-17T07:50:29","guid":{"rendered":"https:\/\/baitsinfinity.com\/?post_type=product&#038;p=12243"},"modified":"2026-02-17T08:50:52","modified_gmt":"2026-02-17T07:50:52","slug":"aditiv-strawberry-250-g","status":"publish","type":"product","link":"https:\/\/baitsinfinity.com\/en\/product\/aditiv-strawberry-250-g\/","title":{"rendered":"Aditiv Strawberry 250 g"},"content":{"rendered":"","protected":false},"excerpt":{"rendered":"<p>Najbolji na\u010din kori\u0161tenja ovih pra\u0161kastih dodataka je ili ih otopiti u vodi kojom vla\u017eite mamac ili jednostavno pomije\u0161ati suhe dodatke sa suhim miksom prije nego \u0161to ga navla\u017eite.<\/p>\n","protected":false},"featured_media":12244,"template":"","meta":[],"product_brand":[512],"product_cat":[513,258],"product_tag":[],"class_list":{"0":"post-12243","1":"product","2":"type-product","3":"status-publish","4":"has-post-thumbnail","6":"product_brand-marcel-van-den-eynde","7":"product_cat-marcel-van-den-eynde","8":"product_cat-novo-u-ponudi","10":"first","11":"instock","12":"taxable","13":"shipping-taxable","14":"purchasable","15":"product-type-simple"},"ct_brands":[{"id":512,"name":"Marcel Van Den Eynde","slug":"marcel-van-den-eynde"}],"_links":{"self":[{"href":"https:\/\/baitsinfinity.com\/en\/wp-json\/wp\/v2\/product\/12243","targetHints":{"allow":["GET"]}}],"collection":[{"href":"https:\/\/baitsinfinity.com\/en\/wp-json\/wp\/v2\/product"}],"about":[{"href":"https:\/\/baitsinfinity.com\/en\/wp-json\/wp\/v2\/types\/product"}],"wp:featuredmedia":[{"embeddable":true,"href":"https:\/\/baitsinfinity.com\/en\/wp-json\/wp\/v2\/media\/12244"}],"wp:attachment":[{"href":"https:\/\/baitsinfinity.com\/en\/wp-json\/wp\/v2\/media?parent=12243"}],"wp:term":[{"taxonomy":"product_brand","embeddable":true,"href":"https:\/\/baitsinfinity.com\/en\/wp-json\/wp\/v2\/product_brand?post=12243"},{"taxonomy":"product_cat","embeddable":true,"href":"https:\/\/baitsinfinity.com\/en\/wp-json\/wp\/v2\/product_cat?post=12243"},{"taxonomy":"product_tag","embeddable":true,"href":"https:\/\/baitsinfinity.com\/en\/wp-json\/wp\/v2\/product_tag?post=12243"}],"curies":[{"name":"wp","href":"https:\/\/api.w.org\/{rel}","templated":true}]}}